{"id":1545,"date":"2021-05-27T22:34:52","date_gmt":"2021-05-28T01:34:52","guid":{"rendered":"https:\/\/esinpa.sbpbrasil.org\/?page_id=1545"},"modified":"2022-07-16T20:59:32","modified_gmt":"2022-07-16T23:59:32","slug":"cronograma","status":"publish","type":"page","link":"https:\/\/esinpa2022.sbpbrasil.org\/index.php\/cronograma\/","title":{"rendered":"Cronograma"},"content":{"rendered":"\t\t<div data-elementor-type=\"wp-page\" data-elementor-id=\"1545\" class=\"elementor elementor-1545\" data-elementor-settings=\"[]\">\n\t\t\t\t\t\t\t<div class=\"elementor-section-wrap\">\n\t\t\t\t\t\t\t<section data-particle_enable=\"false\" data-particle-mobile-disabled=\"false\" class=\"elementor-section elementor-top-section elementor-element elementor-element-40386def elementor-section-boxed elementor-section-height-default elementor-section-height-default\" data-id=\"40386def\" data-element_type=\"section\">\n\t\t\t\t\t\t<div class=\"elementor-container elementor-column-gap-default\">\n\t\t\t\t\t<div class=\"elementor-column elementor-col-100 elementor-top-column elementor-element elementor-element-7a3b3cae\" data-id=\"7a3b3cae\" data-element_type=\"column\">\n\t\t\t<div class=\"elementor-widget-wrap elementor-element-populated\">\n\t\t\t\t\t\t\t\t<div class=\"elementor-element elementor-element-392181c elementor-widget elementor-widget-heading\" data-id=\"392181c\" data-element_type=\"widget\" data-widget_type=\"heading.default\">\n\t\t\t\t<div class=\"elementor-widget-container\">\n\t\t\t<h2 class=\"elementor-heading-title elementor-size-default\">Semana 1<\/h2>\t\t<\/div>\n\t\t\t\t<\/div>\n\t\t\t\t\t<\/div>\n\t\t<\/div>\n\t\t\t\t\t\t\t<\/div>\n\t\t<\/section>\n\t\t\t\t<section data-particle_enable=\"false\" data-particle-mobile-disabled=\"false\" class=\"elementor-section elementor-top-section elementor-element elementor-element-2975708 elementor-section-boxed elementor-section-height-default elementor-section-height-default\" data-id=\"2975708\" data-element_type=\"section\">\n\t\t\t\t\t\t<div class=\"elementor-container elementor-column-gap-default\">\n\t\t\t\t\t<div class=\"elementor-column elementor-col-100 elementor-top-column elementor-element elementor-element-7827e82\" data-id=\"7827e82\" data-element_type=\"column\">\n\t\t\t<div class=\"elementor-widget-wrap elementor-element-populated\">\n\t\t\t\t\t\t\t\t<div class=\"elementor-element elementor-element-5d27161 elementor-widget elementor-widget-text-editor\" data-id=\"5d27161\" data-element_type=\"widget\" data-widget_type=\"text-editor.default\">\n\t\t\t\t<div class=\"elementor-widget-container\">\n\t\t\t\t\t\t\t\t<h3><b>Ter\u00e7a-feira (02\/08)<\/b><\/h3><p><strong>Todas as palestras do dia 02\/08 ser\u00e3o abertas ao p\u00fablico no YouTube.<\/strong><\/p><ul><li><span style=\"font-weight: 400;\">10h \u2013Boas-vindas e palestra de abertura \u2013 Anna Behrensmeyer (National Museum of Natural History &#8211; Smithsonian Institute)<\/span><ul><li><em>&#8220;Death, destruction, recycling, and preservation: lessons in vertebrate taphonomy from Amboseli National Park, Kenya&#8221;<\/em><\/li><\/ul><\/li><li><span style=\"font-weight: 400;\">11h30 \u2013 Esbo\u00e7o da estrutura da escola<\/span><\/li><li><span style=\"font-weight: 400;\">14h \u2013 Palestras introdut\u00f3rias e mesa-redonda<\/span><ul><li><span style=\"font-weight: 400;\">Palestra 1 &#8211; Renato Ghilardi: \u201cPaleobiologia da Conserva\u00e7\u00e3o e a S\u00edndrome das Wayward Sisters\u201d<\/span><\/li><li><span style=\"font-weight: 400;\">Palestra 2 \u2013 M\u00edrian Pacheco: \u201cOs discretos gigantes e a vida como a (des)conhecemos\u201d<br \/><\/span><\/li><li><span style=\"font-weight: 400;\">Palestra 3 \u2013 Max Langer: \u201cA diversidade no tempo profundo (ou como a paleontologia nos ajuda a entender o mundo em que vivemos)\u201d<br \/><\/span><\/li><\/ul><\/li><\/ul>\t\t\t\t\t\t<\/div>\n\t\t\t\t<\/div>\n\t\t\t\t<div class=\"elementor-element elementor-element-ae929f1 elementor-widget elementor-widget-text-editor\" data-id=\"ae929f1\" data-element_type=\"widget\" data-widget_type=\"text-editor.default\">\n\t\t\t\t<div class=\"elementor-widget-container\">\n\t\t\t\t\t\t\t\t<h3><b>Quarta-feira (03\/08) \u00e0 sexta-feira (05\/08)<\/b><\/h3><ul><li><span style=\"font-weight: 400;\">Cursos 1-3 (alternadamente para tr\u00eas grupos)<\/span><ul><li><span style=\"font-weight: 400;\">Das 08:00 \u00e0s 12:00 e das 14:00 \u00e0s 18:00<\/span><\/li><\/ul><\/li><\/ul><ol><li><em>An\u00e1lises Paleobiogeografia nos tempos das ci\u00eancias de dados \u2013 Lucas del Mouro e Victor Tagliacollo<\/em><\/li><li><em>Fossildiag\u00eanese e reconstru\u00e7\u00f5es paleoambientais a partir da integra\u00e7\u00e3o entre dados paleom\u00e9tricos e geoqu\u00edmicos \u2013 Gabriel Os\u00e9s e Sergio Caetano Filho<\/em><\/li><li><em>M\u00e9todos Bayesianos aplicados em estudos filogen\u00e9ticos envolvendo f\u00f3sseis \u2013 Brunno Rosa e Daniel Casali <\/em><\/li><\/ol>\t\t\t\t\t\t<\/div>\n\t\t\t\t<\/div>\n\t\t\t\t\t<\/div>\n\t\t<\/div>\n\t\t\t\t\t\t\t<\/div>\n\t\t<\/section>\n\t\t\t\t<section data-particle_enable=\"false\" data-particle-mobile-disabled=\"false\" class=\"elementor-section elementor-top-section elementor-element elementor-element-c811ebc elementor-section-boxed elementor-section-height-default elementor-section-height-default\" data-id=\"c811ebc\" data-element_type=\"section\">\n\t\t\t\t\t\t<div class=\"elementor-container elementor-column-gap-default\">\n\t\t\t\t\t<div class=\"elementor-column elementor-col-100 elementor-top-column elementor-element elementor-element-95169ac\" data-id=\"95169ac\" data-element_type=\"column\">\n\t\t\t<div class=\"elementor-widget-wrap elementor-element-populated\">\n\t\t\t\t\t\t\t\t<div class=\"elementor-element elementor-element-b50cb5d elementor-widget elementor-widget-heading\" data-id=\"b50cb5d\" data-element_type=\"widget\" data-widget_type=\"heading.default\">\n\t\t\t\t<div class=\"elementor-widget-container\">\n\t\t\t<h2 class=\"elementor-heading-title elementor-size-default\">Semana 2<\/h2>\t\t<\/div>\n\t\t\t\t<\/div>\n\t\t\t\t\t<\/div>\n\t\t<\/div>\n\t\t\t\t\t\t\t<\/div>\n\t\t<\/section>\n\t\t\t\t<section data-particle_enable=\"false\" data-particle-mobile-disabled=\"false\" class=\"elementor-section elementor-top-section elementor-element elementor-element-32c40a2 elementor-section-boxed elementor-section-height-default elementor-section-height-default\" data-id=\"32c40a2\" data-element_type=\"section\">\n\t\t\t\t\t\t<div class=\"elementor-container elementor-column-gap-default\">\n\t\t\t\t\t<div class=\"elementor-column elementor-col-100 elementor-top-column elementor-element elementor-element-3481256\" data-id=\"3481256\" data-element_type=\"column\">\n\t\t\t<div class=\"elementor-widget-wrap elementor-element-populated\">\n\t\t\t\t\t\t\t\t<div class=\"elementor-element elementor-element-c485bf8 elementor-widget elementor-widget-text-editor\" data-id=\"c485bf8\" data-element_type=\"widget\" data-widget_type=\"text-editor.default\">\n\t\t\t\t<div class=\"elementor-widget-container\">\n\t\t\t\t\t\t\t\t<h3><b>Segunda-feira (08\/08)<\/b><\/h3><ul><li>9h \u2013 Palestra e bate-papo \u2013 Ronaldo Pilati (PST &#8211; UnB)<br \/><em>\u201cBases psicol\u00f3gicas do pensamento cient\u00edfico: ideias para o seu desenvolvimento\u201d<\/em><\/li><\/ul>\t\t\t\t\t\t<\/div>\n\t\t\t\t<\/div>\n\t\t\t\t<div class=\"elementor-element elementor-element-4172894 elementor-widget elementor-widget-text-editor\" data-id=\"4172894\" data-element_type=\"widget\" data-widget_type=\"text-editor.default\">\n\t\t\t\t<div class=\"elementor-widget-container\">\n\t\t\t\t\t\t\t\t<h3><b>Ter\u00e7a-feira (09\/08) \u00e0 quinta-feira (11\/08)<\/b><\/h3><ul><li><p><span style=\"font-weight: 400;\">Elabora\u00e7\u00e3o de projetos relacionados aos cursos<\/span><\/p><ul><li><p><em><span style=\"font-weight: 400;\">Hor\u00e1rio a ser definido com os ministrantes<\/span><\/em><\/p><\/li><\/ul><\/li><\/ul>\t\t\t\t\t\t<\/div>\n\t\t\t\t<\/div>\n\t\t\t\t<div class=\"elementor-element elementor-element-7cd191e elementor-widget elementor-widget-text-editor\" data-id=\"7cd191e\" data-element_type=\"widget\" data-widget_type=\"text-editor.default\">\n\t\t\t\t<div class=\"elementor-widget-container\">\n\t\t\t\t\t\t\t\t<h3><b>Sexta-feira (12\/08)<\/b><\/h3><ul><li><span style=\"font-weight: 400;\">09h \u2013 Apresenta\u00e7\u00e3o e discuss\u00e3o dos projetos de paleobiogeografia<\/span><\/li><li><span style=\"font-weight: 400;\">10h \u2013 Apresenta\u00e7\u00e3o e discuss\u00e3o dos projetos de fossildiag\u00eanese e paleoambiente<\/span><\/li><li><span style=\"font-weight: 400;\">11h \u2013 Apresenta\u00e7\u00e3o e discuss\u00e3o dos projetos de m\u00e9todos bayesianos<\/span><\/li><li>14h &#8211; Debate final e encerramento da escola<\/li><\/ul>\t\t\t\t\t\t<\/div>\n\t\t\t\t<\/div>\n\t\t\t\t\t<\/div>\n\t\t<\/div>\n\t\t\t\t\t\t\t<\/div>\n\t\t<\/section>\n\t\t\t\t\t\t<\/div>\n\t\t\t\t\t<\/div>\n\t\t","protected":false},"excerpt":{"rendered":"<p>Semana 1 Ter\u00e7a-feira (02\/08) Todas as palestras do dia 02\/08 ser\u00e3o abertas ao p\u00fablico no YouTube. 10h \u2013Boas-vindas e palestra de abertura \u2013 Anna Behrensmeyer (National Museum of Natural History &#8230;<\/p>\n","protected":false},"author":1,"featured_media":0,"parent":0,"menu_order":0,"comment_status":"closed","ping_status":"closed","template":"template-fullwidth-stretched.php","meta":{"footnotes":""},"class_list":["post-1545","page","type-page","status-publish","hentry"],"_links":{"self":[{"href":"https:\/\/esinpa2022.sbpbrasil.org\/index.php\/wp-json\/wp\/v2\/pages\/1545","targetHints":{"allow":["GET"]}}],"collection":[{"href":"https:\/\/esinpa2022.sbpbrasil.org\/index.php\/wp-json\/wp\/v2\/pages"}],"about":[{"href":"https:\/\/esinpa2022.sbpbrasil.org\/index.php\/wp-json\/wp\/v2\/types\/page"}],"author":[{"embeddable":true,"href":"https:\/\/esinpa2022.sbpbrasil.org\/index.php\/wp-json\/wp\/v2\/users\/1"}],"replies":[{"embeddable":true,"href":"https:\/\/esinpa2022.sbpbrasil.org\/index.php\/wp-json\/wp\/v2\/comments?post=1545"}],"version-history":[{"count":47,"href":"https:\/\/esinpa2022.sbpbrasil.org\/index.php\/wp-json\/wp\/v2\/pages\/1545\/revisions"}],"predecessor-version":[{"id":1808,"href":"https:\/\/esinpa2022.sbpbrasil.org\/index.php\/wp-json\/wp\/v2\/pages\/1545\/revisions\/1808"}],"wp:attachment":[{"href":"https:\/\/esinpa2022.sbpbrasil.org\/index.php\/wp-json\/wp\/v2\/media?parent=1545"}],"curies":[{"name":"wp","href":"https:\/\/api.w.org\/{rel}","templated":true}]}}